{"id":3345,"date":"2022-08-22T20:38:12","date_gmt":"2022-08-22T20:38:12","guid":{"rendered":"https:\/\/www.xmlsportsfeeds.com\/new-site\/?page_id=3345"},"modified":"2022-09-08T08:11:39","modified_gmt":"2022-09-08T08:11:39","slug":"privacy-policy","status":"publish","type":"page","link":"https:\/\/footballfeeds.com\/es\/privacy-policy\/","title":{"rendered":"Pol\u00edtica de privacidad"},"content":{"rendered":"<div data-elementor-type=\"wp-page\" data-elementor-id=\"3345\" class=\"elementor elementor-3345\" data-elementor-post-type=\"page\">\n\t\t\t\t\t\t<section class=\"elementor-section elementor-top-section elementor-element elementor-element-3e5f537e elementor-section-height-min-height elementor-section-boxed elementor-section-height-default elementor-section-items-middle\" data-id=\"3e5f537e\" data-element_type=\"section\" data-e-type=\"section\" data-settings=\"{&quot;background_background&quot;:&quot;classic&quot;}\">\n\t\t\t\t\t\t\t<div class=\"elementor-background-overlay\"><\/div>\n\t\t\t\t\t\t\t<div class=\"elementor-container elementor-column-gap-default\">\n\t\t\t\t\t<div class=\"elementor-column elementor-col-100 elementor-top-column elementor-element elementor-element-6ca8cffc\" data-id=\"6ca8cffc\" data-element_type=\"column\" data-e-type=\"column\">\n\t\t\t<div class=\"elementor-widget-wrap elementor-element-populated\">\n\t\t\t\t\t\t<div class=\"elementor-element elementor-element-286cdb0d elementor-widget elementor-widget-heading\" data-id=\"286cdb0d\" data-element_type=\"widget\" data-e-type=\"widget\" data-widget_type=\"heading.default\">\n\t\t\t\t<div class=\"elementor-widget-container\">\n\t\t\t\t\t<h1 class=\"elementor-heading-title elementor-size-default\">Pol\u00edtica de privacidad<\/h1>\t\t\t\t<\/div>\n\t\t\t\t<\/div>\n\t\t\t\t\t<\/div>\n\t\t<\/div>\n\t\t\t\t\t<\/div>\n\t\t<\/section>\n\t\t\t\t<section class=\"elementor-section elementor-top-section elementor-element elementor-element-6d69e255 elementor-section-boxed elementor-section-height-default elementor-section-height-default\" data-id=\"6d69e255\" data-element_type=\"section\" data-e-type=\"section\">\n\t\t\t\t\t\t<div class=\"elementor-container elementor-column-gap-default\">\n\t\t\t\t\t<div class=\"elementor-column elementor-col-100 elementor-top-column elementor-element elementor-element-429a548c\" data-id=\"429a548c\" data-element_type=\"column\" data-e-type=\"column\">\n\t\t\t<div class=\"elementor-widget-wrap elementor-element-populated\">\n\t\t\t\t\t\t<div class=\"elementor-element elementor-element-9b80e83 elementor-widget elementor-widget-text-editor\" data-id=\"9b80e83\" data-element_type=\"widget\" data-e-type=\"widget\" data-widget_type=\"text-editor.default\">\n\t\t\t\t<div class=\"elementor-widget-container\">\n\t\t\t\t\t\t\t\t\t<h2>Acerca de esta Pol\u00edtica de Privacidad<\/h2><p>Este sitio web es propiedad y est\u00e1 administrado por Football Feeds ApS.<\/p><p>Feeds de f\u00fatbol ApS<br \/>Robert Jacobsens Vej 5A, 8.\u00ba<br \/>2300 Copenhague S<br \/>N\u00famero de identificaci\u00f3n del IVA DK39180146<\/p><p>Football Feeds respeta su privacidad y se compromete a proteger sus datos personales. La definici\u00f3n de datos personales puede variar de un pa\u00eds a otro. Para garantizar la protecci\u00f3n de sus datos personales, los definimos como cualquier informaci\u00f3n que pueda identificarlo directa o indirectamente.<\/p><p>No recopilamos ning\u00fan dato personal cuando simplemente navega por nuestro sitio web. Como visitante, no tiene la obligaci\u00f3n de proporcionar sus datos personales ni de permitir que se recopilen sus datos personales. Sin embargo, es posible que no podamos proporcionar a los visitantes que no den su consentimiento para la recopilaci\u00f3n de sus datos personales todos nuestros servicios. Requerimos que proporcione algunos datos personales cuando utilice servicios adicionales o avanzados proporcionados por Football Feeds. En estas ocasiones le solicitaremos su respectivo consentimiento previo a la recolecci\u00f3n y uso de sus datos personales.<\/p><p>Al utilizar el formulario de contacto de nuestro sitio web, se le pedir\u00e1 que proporcione los siguientes datos personales: nombre, correo electr\u00f3nico, contacto, puesto, empresa, tipo de negocio, sitio web\/aplicaci\u00f3n y pa\u00eds. Estamos recopilando los datos que son necesarios para nosotros a fin de brindar el servicio que brindamos.<\/p><p>Como visitante, tiene derecho a solicitar informaci\u00f3n por escrito sobre cu\u00e1les de sus respectivos datos personales hemos recopilado y\/o utilizado. Se puede realizar una solicitud enviando una solicitud por escrito a Football Feeds. Nos comprometemos a realizar todos los esfuerzos razonables para mantener actualizados los datos personales recogidos. Los visitantes que consideren que alguno de sus respectivos datos personales es inexacto, podr\u00e1n solicitar por escrito la correcci\u00f3n de los mismos. Los visitantes tambi\u00e9n tienen derecho a solicitar que se bloqueen o eliminen sus respectivos datos personales si se han procesado ilegalmente.<\/p><p>Los visitantes no est\u00e1n autorizados a copiar, modificar, distribuir, transmitir, exhibir, reproducir, transferir, cargar, descargar o usar o alterar el contenido de este sitio web sin la autorizaci\u00f3n previa por escrito de Football Feeds. Cualquier incumplimiento de lo anterior puede equivaler a una violaci\u00f3n de los derechos de propiedad intelectual aplicables dentro de la Uni\u00f3n Europea y otras leyes aplicables. Football Feeds se reserva el derecho de reclamar da\u00f1os y perjuicios en la mayor medida permitida por la ley contra cualquier parte que cometa directa o indirectamente este incumplimiento.<\/p><p>Se recomienda a los visitantes que consulten la Pol\u00edtica de privacidad con regularidad para familiarizarse con los t\u00e9rminos y cl\u00e1usulas del presente y con cualquier modificaci\u00f3n que Football Feeds pueda implementar de vez en cuando. Esta Pol\u00edtica de privacidad puede actualizarse peri\u00f3dicamente y sin previo aviso para reflejar cambios en nuestras pr\u00e1cticas de informaci\u00f3n o leyes relevantes. Indicaremos al final de la Pol\u00edtica de Privacidad cu\u00e1ndo se actualiz\u00f3 por \u00faltima vez.<\/p><p>\u00daltima actualizaci\u00f3n el 8 de septiembre de 2022.<\/p>\t\t\t\t\t\t\t\t<\/div>\n\t\t\t\t<\/div>\n\t\t\t\t\t<\/div>\n\t\t<\/div>\n\t\t\t\t\t<\/div>\n\t\t<\/section>\n\t\t\t\t<\/div>","protected":false},"excerpt":{"rendered":"<p>About this Privacy Policy This website is owned and managed by Football Feeds ApS. Football Feeds ApSRobert Jacobsens Vej 5A, 8th2300 Copenhagen SVAT identification number DK39180146 Football Feeds respects your privacy and is committed to protecting your personal data. The definition of personal data may vary from country to country. To ensure the protection of [&hellip;]<\/p>\n","protected":false},"author":1,"featured_media":0,"parent":0,"menu_order":0,"comment_status":"closed","ping_status":"closed","template":"elementor_header_footer","meta":{"site-sidebar-layout":"no-sidebar","site-content-layout":"page-builder","ast-site-content-layout":"default","site-content-style":"default","site-sidebar-style":"default","ast-global-header-display":"","ast-banner-title-visibility":"","ast-main-header-display":"","ast-hfb-above-header-display":"","ast-hfb-below-header-display":"","ast-hfb-mobile-header-display":"","site-post-title":"disabled","ast-breadcrumbs-content":"","ast-featured-img":"disabled","footer-sml-layout":"","ast-disable-related-posts":"","theme-transparent-header-meta":"","adv-header-id-meta":"","stick-header-meta":"","header-above-stick-meta":"","header-main-stick-meta":"","header-below-stick-meta":"","astra-migrate-meta-layouts":"default","ast-page-background-enabled":"default","ast-page-background-meta":{"desktop":{"background-color":"var(--ast-global-color-4)","background-image":"","background-repeat":"repeat","background-position":"center center","background-size":"auto","background-attachment":"scroll","background-type":"","background-media":"","overlay-type":"","overlay-color":"","overlay-opacity":"","overlay-gradient":""},"tablet":{"background-color":"","background-image":"","background-repeat":"repeat","background-position":"center center","background-size":"auto","background-attachment":"scroll","background-type":"","background-media":"","overlay-type":"","overlay-color":"","overlay-opacity":"","overlay-gradient":""},"mobile":{"background-color":"","background-image":"","background-repeat":"repeat","background-position":"center center","background-size":"auto","background-attachment":"scroll","background-type":"","background-media":"","overlay-type":"","overlay-color":"","overlay-opacity":"","overlay-gradient":""}},"ast-content-background-meta":{"desktop":{"background-color":"var(--ast-global-color-5)","background-image":"","background-repeat":"repeat","background-position":"center center","background-size":"auto","background-attachment":"scroll","background-type":"","background-media":"","overlay-type":"","overlay-color":"","overlay-opacity":"","overlay-gradient":""},"tablet":{"background-color":"var(--ast-global-color-5)","background-image":"","background-repeat":"repeat","background-position":"center center","background-size":"auto","background-attachment":"scroll","background-type":"","background-media":"","overlay-type":"","overlay-color":"","overlay-opacity":"","overlay-gradient":""},"mobile":{"background-color":"var(--ast-global-color-5)","background-image":"","background-repeat":"repeat","background-position":"center center","background-size":"auto","background-attachment":"scroll","background-type":"","background-media":"","overlay-type":"","overlay-color":"","overlay-opacity":"","overlay-gradient":""}},"footnotes":""},"class_list":["post-3345","page","type-page","status-publish","hentry"],"_links":{"self":[{"href":"https:\/\/footballfeeds.com\/es\/wp-json\/wp\/v2\/pages\/3345","targetHints":{"allow":["GET"]}}],"collection":[{"href":"https:\/\/footballfeeds.com\/es\/wp-json\/wp\/v2\/pages"}],"about":[{"href":"https:\/\/footballfeeds.com\/es\/wp-json\/wp\/v2\/types\/page"}],"author":[{"embeddable":true,"href":"https:\/\/footballfeeds.com\/es\/wp-json\/wp\/v2\/users\/1"}],"replies":[{"embeddable":true,"href":"https:\/\/footballfeeds.com\/es\/wp-json\/wp\/v2\/comments?post=3345"}],"version-history":[{"count":13,"href":"https:\/\/footballfeeds.com\/es\/wp-json\/wp\/v2\/pages\/3345\/revisions"}],"predecessor-version":[{"id":3992,"href":"https:\/\/footballfeeds.com\/es\/wp-json\/wp\/v2\/pages\/3345\/revisions\/3992"}],"wp:attachment":[{"href":"https:\/\/footballfeeds.com\/es\/wp-json\/wp\/v2\/media?parent=3345"}],"curies":[{"name":"wp","href":"https:\/\/api.w.org\/{rel}","templated":true}]}}